{"id":10,"date":"2016-11-03T12:24:18","date_gmt":"2016-11-03T11:24:18","guid":{"rendered":"http:\/\/new.reha-technik-hamburg.de\/wordpress\/?page_id=10"},"modified":"2024-01-24T11:11:02","modified_gmt":"2024-01-24T10:11:02","slug":"sanitaetsfachgeschaeft-in-hamburg","status":"publish","type":"page","link":"https:\/\/www.reha-technik-hamburg.de\/","title":{"rendered":"Sanit\u00e4tsfachgesch\u00e4ft in Hamburg"},"content":{"rendered":"\n<div class=\"vce-row-container\" data-vce-boxed-width=\"true\">\n<div id=\"el-0694abba\" class=\"vce-row vce-row--col-gap-30 vce-row-equal-height vce-row-content--top\" data-vce-do-apply=\"all el-0694abba\">\n<div class=\"vce-row-content\" data-vce-element-content=\"true\">\n<div id=\"el-6e5cf92b\" class=\"vce-col vce-col--md-auto vce-col--xs-1 vce-col--xs-last vce-col--xs-first vce-col--sm-last vce-col--sm-first vce-col--md-last vce-col--lg-last vce-col--xl-last vce-col--md-first vce-col--lg-first vce-col--xl-first\">\n<div class=\"vce-col-inner\" data-vce-do-apply=\"border margin background  el-6e5cf92b\">\n<div class=\"vce-col-content\" data-vce-element-content=\"true\" data-vce-do-apply=\"padding el-6e5cf92b\">\n<div class=\"vce-text-block\">\n<div id=\"el-743fcff3\" class=\"vce-text-block-wrapper vce\" data-vce-do-apply=\"all el-743fcff3\">\n\n<section class=\"cs-section no-padding\"><div class=\"container-fluid\"><div class=\"row\"><div class=\"col-md-12 hidden-xs\">\n\t\t\t\t<p class=\"rs-p-wp-fix\"><\/p>\n\t\t\t\t<sr7-module data-alias=\"home-kopf\" data-id=\"2\" id=\"SR7_2_1\" class=\"rs-ov-hidden\" data-version=\"6.7.51\">\n\t\t\t\t\t<sr7-adjuster><\/sr7-adjuster>\n\t\t\t\t\t<sr7-content>\n\t\t\t\t\t\t<sr7-slide id=\"SR7_2_1-1\" data-key=\"1\">\n\t\t\t\t\t\t\t<sr7-bg id=\"SR7_2_1-1-13\" class=\"sr7-layer\"><noscript><img src=\"https:\/\/www.reha-technik-hamburg.de\/wp-content\/uploads\/2026\/01\/5-IMG_5076.JPG\" alt=\"\" title=\"IMG_5076\"><\/noscript><\/sr7-bg>\n\t\t\t\t\t\t\t<sr7-txt id=\"SR7_2_1-1-11\" class=\"sr7-layer\">Helfen ist unser Handwerk<\/sr7-txt>\n\t\t\t\t\t\t\t<sr7-txt id=\"SR7_2_1-1-12\" class=\"sr7-layer\">Telefon: 040 - 677 58 40<\/sr7-txt>\n\t\t\t\t\t\t<\/sr7-slide>\n\t\t\t\t\t\t<sr7-slide id=\"SR7_2_1-2\" data-key=\"2\">\n\t\t\t\t\t\t<\/sr7-slide>\n\t\t\t\t\t<\/sr7-content>\n\t\t\t\t\t<image_lists style=\"display:none\">\n\t\t\t\t\t\t<img data-src=\"\/\/www.reha-technik-hamburg.de\/wp-content\/uploads\/2026\/01\/5-IMG_5076.JPG\" data-libid=\"5283\" data-lib=\"medialibrary\" title=\"IMG_5076\" width=\"0\" height=\"0\" data-dbsrc=\"Ly93d3cucmVoYS10ZWNobmlrLWhhbWJ1cmcuZGUvd3AtY29udGVudC91cGxvYWRzLzIwMjYvMDEvNS1JTUdfNTA3Ni5KUEc=\"\/>\n\t\t\t\t\t<\/image_lists>\n\t\t\t\t<\/sr7-module>\n\t\t\t\t<script>\n\t\t\t\t\twindow.SR7 ??={};SR7.PMH ??={}; SR7.PMH[\"SR7_2_1\"] = {cn:100,state:false,fn: function() { if (window._tpt!==undefined && window._tpt.prepareModuleHeight !== undefined) {  _tpt.prepareModuleHeight({id:\"SR7_2_1\",el:[550,550,768,960,720],type:'standard',shdw:'0',gh:[550,550,768,960,720],gw:[1500,1500,1024,778,480],vpt:['-200px&#039;,&#039;-200px&#039;,&#039;-200px&#039;,&#039;-200px&#039;,&#039;-200px'],size:{fullWidth:false, fullHeight:false},mh:'0',onh:0,onw:0,bg:{color:'{\"orig\":\"transparent\",\"type\":\"solid\",\"string\":\"transparent\"}'},plType:'0',plColor:'#FFFFFF'});   SR7.PMH[\"SR7_2_1\"].state=true;} else if(SR7.PMH[\"SR7_2_1\"].cn-->0)\tsetTimeout( SR7.PMH[\"SR7_2_1\"].fn,19);}};SR7.PMH[\"SR7_2_1\" ].fn();\n\t\t\t\t<\/script>\n<\/div><\/div><\/div><\/section><section class=\"cs-section\"><div class=\"container\"><div class=\"row\"><div class=\"col-md-12\"><div class=\"cs-column-text\"><p style=\"text-align: justify;\">Die REHA-Technik Morgenroth GmbH ist seit 1991 Ihr Sanit\u00e4tsfachgesch\u00e4ft in Hamburg - Rahlstedt. Unser Motto: \"<strong>Helfen ist unser Handwerk<\/strong>\" nehmen wir als Familienbetrieb sehr ernst. In unserem Angebot finden Sie eine gro\u00dfe Auswahl an Rollst\u00fchlen, Pflegebetten, Elektro-Scooter (Citymobil), Gehwagen, alles zur Komperessionsversorgung und vieles mehr.<\/p>\n<\/div><\/div><\/div><\/div><\/section><section class=\"cs-section\"><div class=\"container\"><div class=\"row\"><div class=\"col-md-4\"><div class=\"cs-column-text vc_custom_1499410859071\"><h3>Orthop\u00e4die Technik<\/h3>\n<ul>\n<li>Bandagen<\/li>\n<li>Orthesen<\/li>\n<li>Kompressionsstr\u00fcmpfe rundgestrickt + Lymphatische Versorgung<\/li>\n<\/ul>\n<\/div><\/div><div class=\"col-md-4\"><div class=\"cs-column-text vc_custom_1499410870879\"><h3>REHA Technik<\/h3>\n<ul>\n<li>Rollatoren<\/li>\n<li>Rollst\u00fchle<\/li>\n<li>Elektrorollst\u00fchle<\/li>\n<li>Elektromobile (Scooter)<\/li>\n<li>Pflegebetten - palliativ Versorgung<\/li>\n<li>Wohnraumberatung - Was hilft mir ?<\/li>\n<\/ul>\n<\/div><\/div><div class=\"col-md-4\"><div class=\"cs-column-text vc_custom_1499410884472\"><h3>Beratung<\/h3>\n<ul>\n<li>Wir sind f\u00fcr Sie da - nicht nur in unserem Gesch\u00e4ft, sondern auch bei Ihnen zu Hause<\/li>\n<li>Durch unseren Au\u00dfendienst erfahren Sie was Ihnen hilft und wie Sie einfacher zuhause Ihren Alltag bew\u00e4ltigen k\u00f6nnen. Unser Ziel ist Ihre Selbstst\u00e4ndigkeit zu verbessern.<\/li>\n<\/ul>\n<\/div><\/div><\/div><\/div><\/section>\n\n<\/div>\n<\/div>\n\n\n<\/div>\n<\/div>\n<\/div>\n\n\n<\/div>\n<\/div>\n<\/div>\n\n","protected":false},"excerpt":{"rendered":"<p><span class=\"entry-read-more\"><a href=\"https:\/\/www.reha-technik-hamburg.de\/\" class=\"cs-btn cs-btn-flat cs-btn-rounded cs-btn-xxs cs-btn-flat-accent\">Weiterlesen<\/a><\/span><\/p>\n","protected":false},"author":1,"featured_media":0,"parent":0,"menu_order":0,"comment_status":"closed","ping_status":"closed","template":"","meta":{"footnotes":""},"class_list":["post-10","page","type-page","status-publish","hentry"],"_links":{"self":[{"href":"https:\/\/www.reha-technik-hamburg.de\/index.php?rest_route=\/wp\/v2\/pages\/10","targetHints":{"allow":["GET"]}}],"collection":[{"href":"https:\/\/www.reha-technik-hamburg.de\/index.php?rest_route=\/wp\/v2\/pages"}],"about":[{"href":"https:\/\/www.reha-technik-hamburg.de\/index.php?rest_route=\/wp\/v2\/types\/page"}],"author":[{"embeddable":true,"href":"https:\/\/www.reha-technik-hamburg.de\/index.php?rest_route=\/wp\/v2\/users\/1"}],"replies":[{"embeddable":true,"href":"https:\/\/www.reha-technik-hamburg.de\/index.php?rest_route=%2Fwp%2Fv2%2Fcomments&post=10"}],"version-history":[{"count":60,"href":"https:\/\/www.reha-technik-hamburg.de\/index.php?rest_route=\/wp\/v2\/pages\/10\/revisions"}],"predecessor-version":[{"id":5208,"href":"https:\/\/www.reha-technik-hamburg.de\/index.php?rest_route=\/wp\/v2\/pages\/10\/revisions\/5208"}],"wp:attachment":[{"href":"https:\/\/www.reha-technik-hamburg.de\/index.php?rest_route=%2Fwp%2Fv2%2Fmedia&parent=10"}],"curies":[{"name":"wp","href":"https:\/\/api.w.org\/{rel}","templated":true}]}}