{"id":304,"date":"2016-11-04T18:12:54","date_gmt":"2016-11-04T17:12:54","guid":{"rendered":"http:\/\/new.reha-technik-hamburg.de\/wordpress\/?page_id=304"},"modified":"2026-01-26T12:46:43","modified_gmt":"2026-01-26T11:46:43","slug":"reha-beratung-hamburg","status":"publish","type":"page","link":"https:\/\/www.reha-technik-hamburg.de\/?page_id=304","title":{"rendered":"Beratung"},"content":{"rendered":"<h3 data-start=\"289\" data-end=\"341\"><\/h3>\n<h3 data-start=\"289\" data-end=\"341\"><strong data-start=\"293\" data-end=\"341\">\u00d6ffnungszeiten \u2013 Ihr Sanit\u00e4tshaus in Hamburg<\/strong><\/h3>\n<p data-start=\"343\" data-end=\"565\"><strong data-start=\"343\" data-end=\"354\">Montag:<\/strong> 08:15 \u2013 17:00 Uhr<br data-start=\"372\" data-end=\"375\" \/><strong data-start=\"375\" data-end=\"388\">Dienstag:<\/strong> 08:15 \u2013 17:00 Uhr<br data-start=\"406\" data-end=\"409\" \/><strong data-start=\"409\" data-end=\"422\">Mittwoch:<\/strong> 08:15 \u2013 17:00 Uhr<br data-start=\"440\" data-end=\"443\" \/><strong data-start=\"443\" data-end=\"458\">Donnerstag:<\/strong> 08:15 \u2013 17:00 Uhr<br data-start=\"476\" data-end=\"479\" \/><strong data-start=\"479\" data-end=\"491\">Freitag:<\/strong> 08:00 \u2013 14:00 Uhr<br data-start=\"509\" data-end=\"512\" \/><strong data-start=\"512\" data-end=\"524\">Samstag:<\/strong> geschlossen<br data-start=\"536\" data-end=\"539\" \/><strong data-start=\"539\" data-end=\"551\">Sonntag:<\/strong> geschlossen<\/p>\n<p>Besuchen Sie unser Sanit\u00e4tshaus in Hamburg w\u00e4hrend unserer \u00d6ffnungszeiten \u2013 wir beraten Sie gerne pers\u00f6nlich.<br data-start=\"798\" data-end=\"801\" \/>Da es je nach Auslastung zu Wartezeiten kommen kann, bitten wir Sie, f\u00fcr eine ausf\u00fchrliche Beratung vorab telefonisch einen Termin zu vereinbaren, gerne auch kurzfristig.<\/p>\n<h3 data-start=\"683\" data-end=\"747\"><\/h3>\n<h3 data-start=\"683\" data-end=\"747\"><strong data-start=\"687\" data-end=\"747\">Pers\u00f6nliche Beratung &amp; Versorgung \u2013 Sanit\u00e4tshaus Hamburg<\/strong><\/h3>\n<p data-start=\"749\" data-end=\"1031\">Wir sind nicht nur in unserem Sanit\u00e4tshaus am Gro\u00dflohering 68 in Hamburg f\u00fcr Sie da, sondern auch direkt bei Ihnen vor Ort. Unser mobiler Au\u00dfendienst erm\u00f6glicht eine kompetente Beratung und Versorgung bei Ihnen zu Hause oder in Pflegeeinrichtungen in Hamburg und Umgebung.<\/p>\n<p data-start=\"1033\" data-end=\"1234\">Unser Ziel ist es, Ihre individuellen Bed\u00fcrfnisse zu verstehen und gemeinsam mit Ihnen die passenden Hilfsmittel aus den Bereichen Reha-Technik, Orthop\u00e4die-Technik und Sanit\u00e4tsbedarf auszuw\u00e4hlen.<\/p>\n<p data-start=\"1236\" data-end=\"1521\">Die Beantragung bei Krankenkassen und anderen Kostentr\u00e4gern, die Beschaffung des Hilfsmittels, die Lieferung sowie eine fachgerechte Einweisung \u00fcbernehmen wir vollst\u00e4ndig f\u00fcr Sie. Terminvereinbarungen sind auch kurzfristig m\u00f6glich \u2013 telefonisch oder direkt \u00fcber unsere Website.<\/p>\n<p data-start=\"1523\" data-end=\"1596\"><strong data-start=\"1523\" data-end=\"1534\">E-Mail:<\/strong> <a class=\"decorated-link cursor-pointer\" rel=\"noopener\" data-start=\"1535\" data-end=\"1563\">info@reha-technik-hamburg.de<\/a><br data-start=\"1563\" data-end=\"1566\" \/><strong data-start=\"1566\" data-end=\"1578\">Telefon:<\/strong> 040 \u2013 677 58 40<\/p>\n","protected":false},"excerpt":{"rendered":"<p>\u00d6ffnungszeiten \u2013 Ihr Sanit\u00e4tshaus in Hamburg Montag: 08:15 \u2013 17:00 UhrDienstag: 08:15 \u2013 17:00 UhrMittwoch: 08:15 \u2013 17:00 UhrDonnerstag: 08:15 \u2013 17:00 UhrFreitag: 08:00 \u2013 14:00 UhrSamstag: geschlossenSonntag: geschlossen Besuchen Sie unser Sanit\u00e4tshaus in Hamburg w\u00e4hrend unserer \u00d6ffnungszeiten \u2013 wir beraten Sie gerne pers\u00f6nlich.Da es je nach Auslastung zu Wartezeiten kommen kann, bitten wir Sie, [&hellip;]<span class=\"entry-read-more\"><a href=\"https:\/\/www.reha-technik-hamburg.de\/?page_id=304\" class=\"cs-btn cs-btn-flat cs-btn-rounded cs-btn-xxs cs-btn-flat-accent\">Weiterlesen<\/a><\/span><\/p>\n","protected":false},"author":1,"featured_media":0,"parent":0,"menu_order":0,"comment_status":"closed","ping_status":"closed","template":"","meta":{"footnotes":""},"class_list":["post-304","page","type-page","status-publish","hentry"],"_links":{"self":[{"href":"https:\/\/www.reha-technik-hamburg.de\/index.php?rest_route=\/wp\/v2\/pages\/304","targetHints":{"allow":["GET"]}}],"collection":[{"href":"https:\/\/www.reha-technik-hamburg.de\/index.php?rest_route=\/wp\/v2\/pages"}],"about":[{"href":"https:\/\/www.reha-technik-hamburg.de\/index.php?rest_route=\/wp\/v2\/types\/page"}],"author":[{"embeddable":true,"href":"https:\/\/www.reha-technik-hamburg.de\/index.php?rest_route=\/wp\/v2\/users\/1"}],"replies":[{"embeddable":true,"href":"https:\/\/www.reha-technik-hamburg.de\/index.php?rest_route=%2Fwp%2Fv2%2Fcomments&post=304"}],"version-history":[{"count":11,"href":"https:\/\/www.reha-technik-hamburg.de\/index.php?rest_route=\/wp\/v2\/pages\/304\/revisions"}],"predecessor-version":[{"id":5299,"href":"https:\/\/www.reha-technik-hamburg.de\/index.php?rest_route=\/wp\/v2\/pages\/304\/revisions\/5299"}],"wp:attachment":[{"href":"https:\/\/www.reha-technik-hamburg.de\/index.php?rest_route=%2Fwp%2Fv2%2Fmedia&parent=304"}],"curies":[{"name":"wp","href":"https:\/\/api.w.org\/{rel}","templated":true}]}}