{"id":326,"date":"2016-11-05T10:50:21","date_gmt":"2016-11-05T09:50:21","guid":{"rendered":"http:\/\/new.reha-technik-hamburg.de\/wordpress\/?page_id=326"},"modified":"2026-01-27T11:22:32","modified_gmt":"2026-01-27T10:22:32","slug":"impressum","status":"publish","type":"page","link":"https:\/\/www.reha-technik-hamburg.de\/?page_id=326","title":{"rendered":"Impressum"},"content":{"rendered":"<h1>Reha-Technik\u00a0Morgenroth GmbH<\/h1>\n<p>Gesch\u00e4ftsf\u00fchrer:<br \/>Maximilian Morgenroth<br \/>Heidi + Thomas Morgenroth<\/p>\n<p>Gro\u00dflohering 68 \/ 70<br \/>22143 Hamburg<\/p>\n<p>Telefon: 0 40 &#8211; 677 58 40<br \/>Fax: \u00a0\u00a0\u00a0\u00a0\u00a0\u00a0\u00a0\u00a00 40 &#8211; 677 20 52<br \/><a href=\"mailto:info@reha-technik-hamburg.de\" target=\"_blank\" rel=\"noopener noreferrer\">info@reha-technik-hamburg.de<\/a><br \/><a title=\"REHA Technik Hamburg\" href=\"https:\/\/www.reha-technik-hamburg.de\">www.reha-technik-hamburg.de<\/a><\/p>\n<p>HRB 47 702<br \/>USt-ID-Nr.: DE 118682814<br \/>Amtsgericht: Hamburg<\/p>\n<p>Mitglied der Handwerkskammer Hamburg<br \/>Holstenwall 12<br \/>20355 Hamburg<\/p>\n<p>QM System nach DIN EN ISO 9001:2008<br \/>DIN EN ISO 13485:2012<\/p>\n<h3>Website erstellt<\/h3>\n<p>Maximilian Morgenroth<br \/>E-Mail: <a href=\"mailto:info@harthun.org\">info@reha-technik-hamburg.de<\/a><\/p>\n\n\n<p><\/p>\n","protected":false},"excerpt":{"rendered":"<p>Reha-Technik\u00a0Morgenroth GmbH Gesch\u00e4ftsf\u00fchrer:Maximilian MorgenrothHeidi + Thomas Morgenroth Gro\u00dflohering 68 \/ 7022143 Hamburg Telefon: 0 40 &#8211; 677 58 40Fax: \u00a0\u00a0\u00a0\u00a0\u00a0\u00a0\u00a0\u00a00 40 &#8211; 677 20 52info@reha-technik-hamburg.dewww.reha-technik-hamburg.de HRB 47 702USt-ID-Nr.: DE 118682814Amtsgericht: Hamburg Mitglied der Handwerkskammer HamburgHolstenwall 1220355 Hamburg QM System nach DIN EN ISO 9001:2008DIN EN ISO 13485:2012 Website erstellt Maximilian MorgenrothE-Mail: info@reha-technik-hamburg.de<span class=\"entry-read-more\"><a href=\"https:\/\/www.reha-technik-hamburg.de\/?page_id=326\" class=\"cs-btn cs-btn-flat cs-btn-rounded cs-btn-xxs cs-btn-flat-accent\">Weiterlesen<\/a><\/span><\/p>\n","protected":false},"author":1,"featured_media":0,"parent":0,"menu_order":0,"comment_status":"closed","ping_status":"closed","template":"","meta":{"footnotes":""},"class_list":["post-326","page","type-page","status-publish","hentry"],"_links":{"self":[{"href":"https:\/\/www.reha-technik-hamburg.de\/index.php?rest_route=\/wp\/v2\/pages\/326","targetHints":{"allow":["GET"]}}],"collection":[{"href":"https:\/\/www.reha-technik-hamburg.de\/index.php?rest_route=\/wp\/v2\/pages"}],"about":[{"href":"https:\/\/www.reha-technik-hamburg.de\/index.php?rest_route=\/wp\/v2\/types\/page"}],"author":[{"embeddable":true,"href":"https:\/\/www.reha-technik-hamburg.de\/index.php?rest_route=\/wp\/v2\/users\/1"}],"replies":[{"embeddable":true,"href":"https:\/\/www.reha-technik-hamburg.de\/index.php?rest_route=%2Fwp%2Fv2%2Fcomments&post=326"}],"version-history":[{"count":12,"href":"https:\/\/www.reha-technik-hamburg.de\/index.php?rest_route=\/wp\/v2\/pages\/326\/revisions"}],"predecessor-version":[{"id":5309,"href":"https:\/\/www.reha-technik-hamburg.de\/index.php?rest_route=\/wp\/v2\/pages\/326\/revisions\/5309"}],"wp:attachment":[{"href":"https:\/\/www.reha-technik-hamburg.de\/index.php?rest_route=%2Fwp%2Fv2%2Fmedia&parent=326"}],"curies":[{"name":"wp","href":"https:\/\/api.w.org\/{rel}","templated":true}]}}