{"id":330,"date":"2016-11-05T10:51:37","date_gmt":"2016-11-05T09:51:37","guid":{"rendered":"http:\/\/new.reha-technik-hamburg.de\/wordpress\/?page_id=330"},"modified":"2026-01-27T11:10:01","modified_gmt":"2026-01-27T10:10:01","slug":"datenschutz","status":"publish","type":"page","link":"https:\/\/www.reha-technik-hamburg.de\/?page_id=330","title":{"rendered":"Datenschutz"},"content":{"rendered":"<h2 data-start=\"1397\" data-end=\"1424\"><strong data-start=\"1400\" data-end=\"1424\">Datenschutzerkl\u00e4rung<\/strong><\/h2>\n<h3 data-start=\"1426\" data-end=\"1452\">1. Allgemeine Hinweise<\/h3>\n<p data-start=\"1453\" data-end=\"1683\">Der Schutz Ihrer personenbezogenen Daten ist uns ein wichtiges Anliegen. Personenbezogene Daten werden auf dieser Website nur im technisch notwendigen Umfang sowie im Einklang mit den geltenden Datenschutzvorschriften verarbeitet.<\/p>\n<h3 data-start=\"1685\" data-end=\"1708\">2. Verantwortlicher<\/h3>\n<p data-start=\"1709\" data-end=\"1778\">Reha-Technik Morgenroth GmbH<br data-start=\"1737\" data-end=\"1740\" \/>Gro\u00dflohering 68 \/ 70<br data-start=\"1760\" data-end=\"1763\" \/>22143 Hamburg<\/p>\n<p data-start=\"1780\" data-end=\"1845\">Telefon: 040 \u2013 677 58 40<br data-start=\"1804\" data-end=\"1807\" \/>E-Mail: <a class=\"decorated-link cursor-pointer\" rel=\"noopener\" data-start=\"1815\" data-end=\"1843\">info@reha-technik-hamburg.de<\/a><\/p>\n<h3 data-start=\"1847\" data-end=\"1877\">3. Datenschutzbeauftragter<\/h3>\n<p data-start=\"1878\" data-end=\"1955\">Maximilian Morgenroth<br data-start=\"1895\" data-end=\"1898\" \/>E-Mail: <a class=\"decorated-link cursor-pointer\" rel=\"noopener\" data-start=\"1906\" data-end=\"1953\">datenschutzbeauftragter@reha-technik-hamburg.de<\/a><\/p>\n<h3 data-start=\"1957\" data-end=\"1979\">4. Server-Logfiles<\/h3>\n<p data-start=\"1980\" data-end=\"2124\">Beim Besuch unserer Website werden automatisch Informationen durch den Hosting-Provider erfasst (sogenannte Server-Logfiles).<br data-start=\"2105\" data-end=\"2108\" \/>Dies sind z. B.:<\/p>\n<ul data-start=\"2125\" data-end=\"2251\">\n<li data-start=\"2125\" data-end=\"2158\">\n<p data-start=\"2127\" data-end=\"2158\">Browsertyp und Browserversion<\/p>\n<\/li>\n<li data-start=\"2159\" data-end=\"2189\">\n<p data-start=\"2161\" data-end=\"2189\">verwendetes Betriebssystem<\/p>\n<\/li>\n<li data-start=\"2190\" data-end=\"2206\">\n<p data-start=\"2192\" data-end=\"2206\">Referrer-URL<\/p>\n<\/li>\n<li data-start=\"2207\" data-end=\"2221\">\n<p data-start=\"2209\" data-end=\"2221\">IP-Adresse<\/p>\n<\/li>\n<li data-start=\"2222\" data-end=\"2251\">\n<p data-start=\"2224\" data-end=\"2251\">Uhrzeit der Serveranfrage<\/p>\n<\/li>\n<\/ul>\n<p data-start=\"2253\" data-end=\"2400\">Diese Daten dienen ausschlie\u00dflich der Sicherstellung eines st\u00f6rungsfreien Betriebs der Website und erlauben uns keinen R\u00fcckschluss auf Ihre Person.<\/p>\n<h3 data-start=\"2402\" data-end=\"2424\">5. Kontaktaufnahme<\/h3>\n<p data-start=\"2425\" data-end=\"2625\">Wenn Sie uns per E-Mail oder telefonisch kontaktieren, werden die von Ihnen \u00fcbermittelten Daten ausschlie\u00dflich zur Bearbeitung Ihrer Anfrage verarbeitet und nicht ohne Ihre Einwilligung weitergegeben.<\/p>\n<h3 data-start=\"2627\" data-end=\"2649\">6. Kontaktformular<\/h3>\n<p data-start=\"2650\" data-end=\"2837\">Auf unserer Website ist ein Kontaktformular (Contact Form 7) eingebunden.<br data-start=\"2723\" data-end=\"2726\" \/>Die dort eingegebenen Daten werden zur Bearbeitung Ihrer Anfrage gespeichert und nicht an Dritte weitergegeben.<\/p>\n<h3 data-start=\"2839\" data-end=\"2874\">7. Externe Links zu Google Maps<\/h3>\n<p data-start=\"2875\" data-end=\"3162\">Auf unserer Website verlinken wir auf den Kartendienst Google Maps.<br data-start=\"2942\" data-end=\"2945\" \/>Die Karte ist <strong data-start=\"2959\" data-end=\"2987\">nicht direkt eingebunden<\/strong>. Erst durch Anklicken des entsprechenden Links werden Sie zu Google Maps weitergeleitet.<br data-start=\"3076\" data-end=\"3079\" \/>Dabei k\u00f6nnen personenbezogene Daten (z. B. IP-Adresse) an Google \u00fcbertragen werden.<\/p>\n<p data-start=\"3164\" data-end=\"3318\">Anbieter:<br data-start=\"3173\" data-end=\"3176\" \/>Google Ireland Limited, Gordon House, Barrow Street, Dublin 4, Irland<br data-start=\"3245\" data-end=\"3248\" \/>Datenschutzerkl\u00e4rung von Google:<br data-start=\"3280\" data-end=\"3283\" \/><a class=\"decorated-link\" href=\"https:\/\/policies.google.com\/privacy\" target=\"_new\" rel=\"noopener\" data-start=\"3283\" data-end=\"3318\">https:\/\/policies.google.com\/privacy<\/a><\/p>\n<h3 data-start=\"3320\" data-end=\"3334\">8. Cookies<\/h3>\n<p data-start=\"3335\" data-end=\"3502\">Diese Website verwendet ausschlie\u00dflich technisch notwendige Cookies, die f\u00fcr den Betrieb der Seite erforderlich sind. Eine Einwilligung ist hierf\u00fcr nicht erforderlich.<\/p>\n<h3 data-start=\"3504\" data-end=\"3522\">9. Ihre Rechte<\/h3>\n<p data-start=\"3523\" data-end=\"3557\">Sie haben jederzeit das Recht auf:<\/p>\n<ul data-start=\"3558\" data-end=\"3734\">\n<li data-start=\"3558\" data-end=\"3600\">\n<p data-start=\"3560\" data-end=\"3600\">Auskunft \u00fcber Ihre gespeicherten Daten<\/p>\n<\/li>\n<li data-start=\"3601\" data-end=\"3635\">\n<p data-start=\"3603\" data-end=\"3635\">Berichtigung unrichtiger Daten<\/p>\n<\/li>\n<li data-start=\"3636\" data-end=\"3660\">\n<p data-start=\"3638\" data-end=\"3660\">L\u00f6schung Ihrer Daten<\/p>\n<\/li>\n<li data-start=\"3661\" data-end=\"3695\">\n<p data-start=\"3663\" data-end=\"3695\">Einschr\u00e4nkung der Verarbeitung<\/p>\n<\/li>\n<li data-start=\"3696\" data-end=\"3734\">\n<p data-start=\"3698\" data-end=\"3734\">Widerspruch gegen die Verarbeitung<\/p>\n<\/li>\n<\/ul>\n<p data-start=\"3736\" data-end=\"3810\">Hierzu gen\u00fcgt eine formlose Mitteilung an die oben genannten Kontaktdaten.<\/p>\n<h3 data-start=\"3812\" data-end=\"3854\">10. Keine Analyse- oder Tracking-Tools<\/h3>\n<p data-start=\"3855\" data-end=\"3943\">Auf dieser Website werden <strong data-start=\"3881\" data-end=\"3931\">keine Analyse-, Tracking- oder Marketing-Tools<\/strong> eingesetzt.<\/p>\n<p data-start=\"3855\" data-end=\"3943\">Diese Datenschutzerkl\u00e4rung wird regelm\u00e4\u00dfig \u00fcberpr\u00fcft und bei Bedarf angepasst.<\/p>\n\n\n<p><\/p>\n","protected":false},"excerpt":{"rendered":"<p>Datenschutzerkl\u00e4rung 1. Allgemeine Hinweise Der Schutz Ihrer personenbezogenen Daten ist uns ein wichtiges Anliegen. Personenbezogene Daten werden auf dieser Website nur im technisch notwendigen Umfang sowie im Einklang mit den geltenden Datenschutzvorschriften verarbeitet. 2. Verantwortlicher Reha-Technik Morgenroth GmbHGro\u00dflohering 68 \/ 7022143 Hamburg Telefon: 040 \u2013 677 58 40E-Mail: info@reha-technik-hamburg.de 3. Datenschutzbeauftragter Maximilian MorgenrothE-Mail: datenschutzbeauftragter@reha-technik-hamburg.de 4. [&hellip;]<span class=\"entry-read-more\"><a href=\"https:\/\/www.reha-technik-hamburg.de\/?page_id=330\" class=\"cs-btn cs-btn-flat cs-btn-rounded cs-btn-xxs cs-btn-flat-accent\">Weiterlesen<\/a><\/span><\/p>\n","protected":false},"author":1,"featured_media":0,"parent":326,"menu_order":0,"comment_status":"closed","ping_status":"closed","template":"","meta":{"footnotes":""},"class_list":["post-330","page","type-page","status-publish","hentry"],"_links":{"self":[{"href":"https:\/\/www.reha-technik-hamburg.de\/index.php?rest_route=\/wp\/v2\/pages\/330","targetHints":{"allow":["GET"]}}],"collection":[{"href":"https:\/\/www.reha-technik-hamburg.de\/index.php?rest_route=\/wp\/v2\/pages"}],"about":[{"href":"https:\/\/www.reha-technik-hamburg.de\/index.php?rest_route=\/wp\/v2\/types\/page"}],"author":[{"embeddable":true,"href":"https:\/\/www.reha-technik-hamburg.de\/index.php?rest_route=\/wp\/v2\/users\/1"}],"replies":[{"embeddable":true,"href":"https:\/\/www.reha-technik-hamburg.de\/index.php?rest_route=%2Fwp%2Fv2%2Fcomments&post=330"}],"version-history":[{"count":9,"href":"https:\/\/www.reha-technik-hamburg.de\/index.php?rest_route=\/wp\/v2\/pages\/330\/revisions"}],"predecessor-version":[{"id":5307,"href":"https:\/\/www.reha-technik-hamburg.de\/index.php?rest_route=\/wp\/v2\/pages\/330\/revisions\/5307"}],"up":[{"embeddable":true,"href":"https:\/\/www.reha-technik-hamburg.de\/index.php?rest_route=\/wp\/v2\/pages\/326"}],"wp:attachment":[{"href":"https:\/\/www.reha-technik-hamburg.de\/index.php?rest_route=%2Fwp%2Fv2%2Fmedia&parent=330"}],"curies":[{"name":"wp","href":"https:\/\/api.w.org\/{rel}","templated":true}]}}